{"id":87,"date":"2015-08-26T20:00:54","date_gmt":"2015-08-26T20:00:54","guid":{"rendered":"http:\/\/katrinmerle.de\/wp\/?page_id=87"},"modified":"2020-01-18T20:38:37","modified_gmt":"2020-01-18T20:38:37","slug":"home","status":"publish","type":"page","link":"https:\/\/katrinmerle.de\/wp\/","title":{"rendered":"Katrin Merle Illustration"},"content":{"rendered":"<p>Willkommen auf meiner Seite! Seit \u00fcber 20 Jahren illustriere ich haupts\u00e4chlich f\u00fcr Kinder- und Schulbuchverlage, Werbeagenturen und Zeitschriften.<br \/>\nDaneben bin ich als Urban Sketcher sehr aktiv und gebe Workshops.<\/p>\n","protected":false},"excerpt":{"rendered":"<p>Willkommen auf meiner Seite! Seit \u00fcber 20 Jahren illustriere ich haupts\u00e4chlich f\u00fcr Kinder- und Schulbuchverlage, Werbeagenturen&hellip;<\/p>\n","protected":false},"author":1,"featured_media":283,"parent":0,"menu_order":0,"comment_status":"closed","ping_status":"closed","template":"","meta":{"footnotes":""},"class_list":["post-87","page","type-page","status-publish","has-post-thumbnail","hentry"],"_links":{"self":[{"href":"https:\/\/katrinmerle.de\/wp\/wp-json\/wp\/v2\/pages\/87"}],"collection":[{"href":"https:\/\/katrinmerle.de\/wp\/wp-json\/wp\/v2\/pages"}],"about":[{"href":"https:\/\/katrinmerle.de\/wp\/wp-json\/wp\/v2\/types\/page"}],"author":[{"embeddable":true,"href":"https:\/\/katrinmerle.de\/wp\/wp-json\/wp\/v2\/users\/1"}],"replies":[{"embeddable":true,"href":"https:\/\/katrinmerle.de\/wp\/wp-json\/wp\/v2\/comments?post=87"}],"version-history":[{"count":9,"href":"https:\/\/katrinmerle.de\/wp\/wp-json\/wp\/v2\/pages\/87\/revisions"}],"predecessor-version":[{"id":386,"href":"https:\/\/katrinmerle.de\/wp\/wp-json\/wp\/v2\/pages\/87\/revisions\/386"}],"wp:featuredmedia":[{"embeddable":true,"href":"https:\/\/katrinmerle.de\/wp\/wp-json\/wp\/v2\/media\/283"}],"wp:attachment":[{"href":"https:\/\/katrinmerle.de\/wp\/wp-json\/wp\/v2\/media?parent=87"}],"curies":[{"name":"wp","href":"https:\/\/api.w.org\/{rel}","templated":true}]}}