{"id":163,"date":"2015-08-27T13:05:49","date_gmt":"2015-08-27T13:05:49","guid":{"rendered":"http:\/\/katrinmerle.de\/wp\/?page_id=163"},"modified":"2023-12-20T19:51:13","modified_gmt":"2023-12-20T19:51:13","slug":"impressum","status":"publish","type":"page","link":"https:\/\/katrinmerle.de\/wp\/kontakt\/impressum\/","title":{"rendered":"Impressum"},"content":{"rendered":"<p>Katrin Merle Illustration<br \/>\nBetreiber und Kontakt,<br \/>\nRedaktion und Verantwortlichkeit<br \/>\ngem\u00e4\u00df \u00a7 6MdStV\/TDG:<\/p>\n<p>Katrin Merle<br \/>\nBernauer Stra\u00dfe 91 b<br \/>\n13507 Berlin<\/p>\n<p>Telefon: +49 (0)30 463 71 92<\/p>\n<p>E-Mail: info@katrinmerle.de<\/p>\n<p>USt-IdNr. : DE172578240<\/p>\n<p>F\u00fcr Inhalte der aktuell oder zuk\u00fcnftig von von hier verlinkten externen Internetseiten \u00fcbernehme ich keinerlei Haftung. F\u00fcr die Inhalte externer Seiten sind ausschlie\u00dflich deren Betreiber verantwortlich. Zum Zeitpunkt der Linksetzung waren die externen Seiten beanstandungsfrei.<\/p>\n<p>Das Verwenden von Bild- und Textmaterial ist nur gegen Honorar und nur mit meinem ausdr\u00fccklichen schriftlichen Einverst\u00e4ndnis gestattet. Verst\u00f6\u00dfe gegen das Urheberrecht sind schadenersatzpflichtig und k\u00f6nnen eingeklagt werden. Die Nutzungsrechte von Auftragsarbeiten gehen nach Rechnungsbegleichung auf den Kunden \u00fcber und sind bis dahin mein Eigentum. Alle hier gezeigten Arbeitsproben sind urheberrechtlich gesch\u00fctzt und d\u00fcrfen nicht kopiert werden.<\/p>\n<p>Es gelten die Bestimmungen der <a href=\"http:\/\/katrinmerle.de\/wp\/kontakt\/datenschutzerklaerung\/\">Datenschutzerkl\u00e4rung<\/a><\/p>\n<p><strong>Credits<\/strong><\/p>\n<div id=\"gk-copyrights\">\n<p><!--?php do_action('portfolio_credits'); ?--><\/p>\n<p class=\"copyright\">Free WordPress Theme designed by <a href=\"https:\/\/www.gavick.com\/\">GavickPro.com<\/a><\/p>\n<p>Proudly published with <a href=\"http:\/\/wordpress.org\/\">WordPress<\/a><\/p>\n<\/div>\n","protected":false},"excerpt":{"rendered":"<p>Katrin Merle Illustration Betreiber und Kontakt, Redaktion und Verantwortlichkeit gem\u00e4\u00df \u00a7 6MdStV\/TDG: Katrin Merle Bernauer Stra\u00dfe&hellip;<\/p>\n","protected":false},"author":1,"featured_media":0,"parent":98,"menu_order":0,"comment_status":"closed","ping_status":"closed","template":"","meta":{"footnotes":""},"class_list":["post-163","page","type-page","status-publish","hentry"],"_links":{"self":[{"href":"https:\/\/katrinmerle.de\/wp\/wp-json\/wp\/v2\/pages\/163"}],"collection":[{"href":"https:\/\/katrinmerle.de\/wp\/wp-json\/wp\/v2\/pages"}],"about":[{"href":"https:\/\/katrinmerle.de\/wp\/wp-json\/wp\/v2\/types\/page"}],"author":[{"embeddable":true,"href":"https:\/\/katrinmerle.de\/wp\/wp-json\/wp\/v2\/users\/1"}],"replies":[{"embeddable":true,"href":"https:\/\/katrinmerle.de\/wp\/wp-json\/wp\/v2\/comments?post=163"}],"version-history":[{"count":10,"href":"https:\/\/katrinmerle.de\/wp\/wp-json\/wp\/v2\/pages\/163\/revisions"}],"predecessor-version":[{"id":504,"href":"https:\/\/katrinmerle.de\/wp\/wp-json\/wp\/v2\/pages\/163\/revisions\/504"}],"up":[{"embeddable":true,"href":"https:\/\/katrinmerle.de\/wp\/wp-json\/wp\/v2\/pages\/98"}],"wp:attachment":[{"href":"https:\/\/katrinmerle.de\/wp\/wp-json\/wp\/v2\/media?parent=163"}],"curies":[{"name":"wp","href":"https:\/\/api.w.org\/{rel}","templated":true}]}}